{"id":993,"date":"2025-03-20T15:13:32","date_gmt":"2025-03-20T14:13:32","guid":{"rendered":"https:\/\/laspezieriadellaseta.it\/?page_id=993"},"modified":"2025-03-20T15:19:48","modified_gmt":"2025-03-20T14:19:48","slug":"faq-prodotti","status":"publish","type":"page","link":"https:\/\/laspezieriadellaseta.it\/en\/faq-prodotti\/","title":{"rendered":"FAQ Products"},"content":{"rendered":"<style>.kb-row-layout-wrap.wp-block-kadence-rowlayout.kb-row-layout-id993_db7ec3-54{margin-top:0px;margin-bottom:var(--global-kb-spacing-sm, 1.5rem);}.kb-row-layout-id993_db7ec3-54 > .kt-row-column-wrap{align-content:start;}:where(.kb-row-layout-id993_db7ec3-54 > .kt-row-column-wrap) > .wp-block-kadence-column{justify-content:start;}.kb-row-layout-id993_db7ec3-54 > .kt-row-column-wrap{column-gap:var(--global-kb-gap-md, 2rem);row-gap:var(--global-kb-gap-md, 2rem);padding-top:0px;padding-bottom:var(--global-kb-spacing-sm, 1.5rem);grid-template-columns:minmax(0, 1fr);}.kb-row-layout-id993_db7ec3-54 > .kt-row-layout-overlay{opacity:0.30;}@media all and (max-width: 1024px){.kb-row-layout-id993_db7ec3-54 > .kt-row-column-wrap{grid-template-columns:minmax(0, 1fr);}}@media all and (max-width: 767px){.kb-row-layout-id993_db7ec3-54 > .kt-row-column-wrap{grid-template-columns:minmax(0, 1fr);}}<\/style><div class=\"kb-row-layout-wrap kb-row-layout-id993_db7ec3-54 alignnone wp-block-kadence-rowlayout\"><div class=\"kt-row-column-wrap kt-has-1-columns kt-row-layout-equal kt-tab-layout-inherit kt-mobile-layout-row kt-row-valign-top\">\n<style>.kadence-column993_e6862f-1c > .kt-inside-inner-col{display:flex;}.kadence-column993_e6862f-1c > .kt-inside-inner-col{padding-top:var(--global-kb-spacing-xs, 1rem);padding-right:var(--global-kb-spacing-xs, 1rem);padding-bottom:var(--global-kb-spacing-xs, 1rem);padding-left:var(--global-kb-spacing-xs, 1rem);}.kadence-column993_e6862f-1c > .kt-inside-inner-col,.kadence-column993_e6862f-1c > .kt-inside-inner-col:before{border-top-left-radius:0px;border-top-right-radius:0px;border-bottom-right-radius:0px;border-bottom-left-radius:0px;}.kadence-column993_e6862f-1c > .kt-inside-inner-col{column-gap:var(--global-kb-gap-sm, 1rem);}.kadence-column993_e6862f-1c > .kt-inside-inner-col{flex-direction:column;align-items:center;}.kadence-column993_e6862f-1c > .kt-inside-inner-col > .kb-image-is-ratio-size{align-self:stretch;}.kadence-column993_e6862f-1c > .kt-inside-inner-col > .wp-block-kadence-advancedgallery{align-self:stretch;}.kadence-column993_e6862f-1c > .kt-inside-inner-col > .aligncenter{width:100%;}.kadence-column993_e6862f-1c > .kt-inside-inner-col:before{opacity:0.3;}.kadence-column993_e6862f-1c{position:relative;}@media all and (max-width: 1024px){.kadence-column993_e6862f-1c > .kt-inside-inner-col{flex-direction:column;justify-content:center;align-items:center;}}@media all and (max-width: 767px){.kadence-column993_e6862f-1c > .kt-inside-inner-col{flex-direction:column;justify-content:center;align-items:center;}}<\/style>\n<div class=\"wp-block-kadence-column kadence-column993_e6862f-1c\"><div class=\"kt-inside-inner-col\">\n<h1 class=\"wp-block-heading\">FAQ Products<\/h1>\n\n\n\n<div class=\"schema-faq wp-block-yoast-faq-block\"><div class=\"schema-faq-section\" id=\"faq-question-1742480053713\"><strong class=\"schema-faq-question\"><strong>Qual \u00e8 la scadenza dei prodotti una volta aperti?<\/strong>\u00a0<\/strong> <p class=\"schema-faq-answer\">La scadenza (il PAO) \u00e8 espressa con il pittogramma di un vasetto aperto sul quale \u00e8 impresso un numero e la lettera M che sta per mesi. Il PAO (Period After Opening) Indica l\u2019intervallo di tempo entro il quale si consiglia di usare la fragranza, dopo la prima apertura.\u00a0<\/p> <\/div> <div class=\"schema-faq-section\" id=\"faq-question-1742480078621\"><strong class=\"schema-faq-question\"><strong>Dove posso trovare la lista degli ingredienti dei profumi?<\/strong>\u00a0<\/strong> <p class=\"schema-faq-answer\">La lista degli ingredienti, scritta in INCI (International Nomenclature of Cosmetic Ingredients), \u00e8 presente per legge sul packaging di ogni prodotto ed \u00e8 riportato anche nelle singole schede prodotto sul sito de La Spezieria della Seta. La lista degli ingredienti pu\u00f2 subire dei cambiamenti, per questo motivo consigliamo di fare riferimento all\u2019etichetta riportata sul packaging del prodotto per la lista ingredienti pi\u00f9 aggiornata.\u00a0<\/p> <\/div> <div class=\"schema-faq-section\" id=\"faq-question-1742480097011\"><strong class=\"schema-faq-question\"><strong>Dove posso trovare la lista delle note olfattive?<\/strong>\u00a0<\/strong> <p class=\"schema-faq-answer\">La lista delle note olfattive \u00e8 riportata nelle singole schede prodotto sul sito de La Spezieria della Seta.\u00a0<\/p> <\/div> <\/div>\n<\/div><\/div>\n\n\n<style>.kadence-column993_2b6aed-20 > .kt-inside-inner-col{display:flex;}.kadence-column993_2b6aed-20 > .kt-inside-inner-col{padding-top:var(--global-kb-spacing-xs, 1rem);padding-right:var(--global-kb-spacing-xs, 1rem);padding-bottom:var(--global-kb-spacing-xs, 1rem);padding-left:var(--global-kb-spacing-xs, 1rem);}.kadence-column993_2b6aed-20 > .kt-inside-inner-col,.kadence-column993_2b6aed-20 > .kt-inside-inner-col:before{border-top-left-radius:0px;border-top-right-radius:0px;border-bottom-right-radius:0px;border-bottom-left-radius:0px;}.kadence-column993_2b6aed-20 > .kt-inside-inner-col{column-gap:var(--global-kb-gap-sm, 1rem);}.kadence-column993_2b6aed-20 > .kt-inside-inner-col{flex-direction:column;align-items:center;}.kadence-column993_2b6aed-20 > .kt-inside-inner-col > .kb-image-is-ratio-size{align-self:stretch;}.kadence-column993_2b6aed-20 > .kt-inside-inner-col > .wp-block-kadence-advancedgallery{align-self:stretch;}.kadence-column993_2b6aed-20 > .kt-inside-inner-col > .aligncenter{width:100%;}.kadence-column993_2b6aed-20 > .kt-inside-inner-col:before{opacity:0.3;}.kadence-column993_2b6aed-20{position:relative;}@media all and (max-width: 1024px){.kadence-column993_2b6aed-20 > .kt-inside-inner-col{flex-direction:column;justify-content:center;align-items:center;}}@media all and (max-width: 767px){.kadence-column993_2b6aed-20 > .kt-inside-inner-col{flex-direction:column;justify-content:center;align-items:center;}}<\/style>\n<div class=\"wp-block-kadence-column kadence-column993_2b6aed-20\"><div class=\"kt-inside-inner-col\"><\/div><\/div>\n\n<\/div><\/div>","protected":false},"excerpt":{"rendered":"<p>FAQ Products<\/p>","protected":false},"author":1,"featured_media":871,"parent":0,"menu_order":0,"comment_status":"closed","ping_status":"closed","template":"page-wide.php","meta":{"footnotes":""},"class_list":["post-993","page","type-page","status-publish","has-post-thumbnail","hentry"],"yoast_head":"<!-- This site is optimized with the Yoast SEO plugin v27.4 - https:\/\/yoast.com\/product\/yoast-seo-wordpress\/ -->\n<title>FAQ prodotti \u2013 La Spezieria della Seta<\/title>\n<meta name=\"description\" content=\"Qui troverai tutte le risposte alle domande sui prodotti de La Spezieria della Seta\" \/>\n<meta name=\"robots\" content=\"index, follow, max-snippet:-1, max-image-preview:large, max-video-preview:-1\" \/>\n<link rel=\"canonical\" href=\"https:\/\/laspezieriadellaseta.it\/en\/faq-prodotti\/\" \/>\n<meta property=\"og:locale\" content=\"en_GB\" \/>\n<meta property=\"og:type\" content=\"article\" \/>\n<meta property=\"og:title\" content=\"FAQ prodotti \u2013 La Spezieria della Seta\" \/>\n<meta property=\"og:description\" content=\"Qui troverai tutte le risposte alle domande sui prodotti de La Spezieria della Seta\" \/>\n<meta property=\"og:url\" content=\"https:\/\/laspezieriadellaseta.it\/en\/faq-prodotti\/\" \/>\n<meta property=\"og:site_name\" content=\"La Spezieria della Seta\" \/>\n<meta property=\"article:publisher\" content=\"https:\/\/www.facebook.com\/profile.php?id=61573979611482\" \/>\n<meta property=\"article:modified_time\" content=\"2025-03-20T14:19:48+00:00\" \/>\n<meta property=\"og:image\" content=\"https:\/\/laspezieriadellaseta.it\/wp-content\/uploads\/2025\/03\/profumeria-artistica-arte-di-scegliere-fragranze-uniche.jpg\" \/>\n\t<meta property=\"og:image:width\" content=\"2560\" \/>\n\t<meta property=\"og:image:height\" content=\"1200\" \/>\n\t<meta property=\"og:image:type\" content=\"image\/jpeg\" \/>\n<meta name=\"twitter:card\" content=\"summary_large_image\" \/>\n<meta name=\"twitter:label1\" content=\"Estimated reading time\" \/>\n\t<meta name=\"twitter:data1\" content=\"2 minutes\" \/>\n<script type=\"application\/ld+json\" class=\"yoast-schema-graph\">{\"@context\":\"https:\\\/\\\/schema.org\",\"@graph\":[{\"@type\":[\"WebPage\",\"FAQPage\"],\"@id\":\"https:\\\/\\\/laspezieriadellaseta.it\\\/faq-prodotti\\\/\",\"url\":\"https:\\\/\\\/laspezieriadellaseta.it\\\/faq-prodotti\\\/\",\"name\":\"FAQ prodotti \u2013 La Spezieria della Seta\",\"isPartOf\":{\"@id\":\"https:\\\/\\\/laspezieriadellaseta.it\\\/#website\"},\"primaryImageOfPage\":{\"@id\":\"https:\\\/\\\/laspezieriadellaseta.it\\\/faq-prodotti\\\/#primaryimage\"},\"image\":{\"@id\":\"https:\\\/\\\/laspezieriadellaseta.it\\\/faq-prodotti\\\/#primaryimage\"},\"thumbnailUrl\":\"https:\\\/\\\/laspezieriadellaseta.it\\\/wp-content\\\/uploads\\\/2025\\\/03\\\/profumeria-artistica-arte-di-scegliere-fragranze-uniche.jpg\",\"datePublished\":\"2025-03-20T14:13:32+00:00\",\"dateModified\":\"2025-03-20T14:19:48+00:00\",\"description\":\"Qui troverai tutte le risposte alle domande sui prodotti de La Spezieria della Seta\",\"breadcrumb\":{\"@id\":\"https:\\\/\\\/laspezieriadellaseta.it\\\/faq-prodotti\\\/#breadcrumb\"},\"mainEntity\":[{\"@id\":\"https:\\\/\\\/laspezieriadellaseta.it\\\/faq-prodotti\\\/#faq-question-1742480053713\"},{\"@id\":\"https:\\\/\\\/laspezieriadellaseta.it\\\/faq-prodotti\\\/#faq-question-1742480078621\"},{\"@id\":\"https:\\\/\\\/laspezieriadellaseta.it\\\/faq-prodotti\\\/#faq-question-1742480097011\"}],\"inLanguage\":\"en-GB\",\"potentialAction\":[{\"@type\":\"ReadAction\",\"target\":[\"https:\\\/\\\/laspezieriadellaseta.it\\\/faq-prodotti\\\/\"]}]},{\"@type\":\"ImageObject\",\"inLanguage\":\"en-GB\",\"@id\":\"https:\\\/\\\/laspezieriadellaseta.it\\\/faq-prodotti\\\/#primaryimage\",\"url\":\"https:\\\/\\\/laspezieriadellaseta.it\\\/wp-content\\\/uploads\\\/2025\\\/03\\\/profumeria-artistica-arte-di-scegliere-fragranze-uniche.jpg\",\"contentUrl\":\"https:\\\/\\\/laspezieriadellaseta.it\\\/wp-content\\\/uploads\\\/2025\\\/03\\\/profumeria-artistica-arte-di-scegliere-fragranze-uniche.jpg\",\"width\":2560,\"height\":1200,\"caption\":\"Guida ai profumi artistici\"},{\"@type\":\"BreadcrumbList\",\"@id\":\"https:\\\/\\\/laspezieriadellaseta.it\\\/faq-prodotti\\\/#breadcrumb\",\"itemListElement\":[{\"@type\":\"ListItem\",\"position\":1,\"name\":\"Home\",\"item\":\"https:\\\/\\\/laspezieriadellaseta.it\\\/\"},{\"@type\":\"ListItem\",\"position\":2,\"name\":\"FAQ Prodotti\"}]},{\"@type\":\"WebSite\",\"@id\":\"https:\\\/\\\/laspezieriadellaseta.it\\\/#website\",\"url\":\"https:\\\/\\\/laspezieriadellaseta.it\\\/\",\"name\":\"La Spezieria della Seta - Profumi di nicchia\",\"description\":\"Profumi di nicchia per persona e ambiente\",\"publisher\":{\"@id\":\"https:\\\/\\\/laspezieriadellaseta.it\\\/#organization\"},\"alternateName\":\"La Spezieria della Seta - Profumi di nicchia\",\"potentialAction\":[{\"@type\":\"SearchAction\",\"target\":{\"@type\":\"EntryPoint\",\"urlTemplate\":\"https:\\\/\\\/laspezieriadellaseta.it\\\/?s={search_term_string}\"},\"query-input\":{\"@type\":\"PropertyValueSpecification\",\"valueRequired\":true,\"valueName\":\"search_term_string\"}}],\"inLanguage\":\"en-GB\"},{\"@type\":\"Organization\",\"@id\":\"https:\\\/\\\/laspezieriadellaseta.it\\\/#organization\",\"name\":\"La Spezieria della Seta\",\"url\":\"https:\\\/\\\/laspezieriadellaseta.it\\\/\",\"logo\":{\"@type\":\"ImageObject\",\"inLanguage\":\"en-GB\",\"@id\":\"https:\\\/\\\/laspezieriadellaseta.it\\\/#\\\/schema\\\/logo\\\/image\\\/\",\"url\":\"https:\\\/\\\/laspezieriadellaseta.it\\\/wp-content\\\/uploads\\\/2025\\\/03\\\/logo-la-spezieria-della-seta.png\",\"contentUrl\":\"https:\\\/\\\/laspezieriadellaseta.it\\\/wp-content\\\/uploads\\\/2025\\\/03\\\/logo-la-spezieria-della-seta.png\",\"width\":750,\"height\":750,\"caption\":\"La Spezieria della Seta\"},\"image\":{\"@id\":\"https:\\\/\\\/laspezieriadellaseta.it\\\/#\\\/schema\\\/logo\\\/image\\\/\"},\"sameAs\":[\"https:\\\/\\\/www.facebook.com\\\/profile.php?id=61573979611482\",\"https:\\\/\\\/www.instagram.com\\\/laspezieriadellaseta\",\"https:\\\/\\\/www.tiktok.com\\\/@laspezieriadellaseta\"]},{\"@type\":\"Question\",\"@id\":\"https:\\\/\\\/laspezieriadellaseta.it\\\/faq-prodotti\\\/#faq-question-1742480053713\",\"position\":1,\"url\":\"https:\\\/\\\/laspezieriadellaseta.it\\\/faq-prodotti\\\/#faq-question-1742480053713\",\"name\":\"Qual \u00e8 la scadenza dei prodotti una volta aperti?\u00a0\",\"answerCount\":1,\"acceptedAnswer\":{\"@type\":\"Answer\",\"text\":\"La scadenza (il PAO) \u00e8 espressa con il pittogramma di un vasetto aperto sul quale \u00e8 impresso un numero e la lettera M che sta per mesi. Il PAO (Period After Opening) Indica l\u2019intervallo di tempo entro il quale si consiglia di usare la fragranza, dopo la prima apertura.\u00a0\",\"inLanguage\":\"en-GB\"},\"inLanguage\":\"en-GB\"},{\"@type\":\"Question\",\"@id\":\"https:\\\/\\\/laspezieriadellaseta.it\\\/faq-prodotti\\\/#faq-question-1742480078621\",\"position\":2,\"url\":\"https:\\\/\\\/laspezieriadellaseta.it\\\/faq-prodotti\\\/#faq-question-1742480078621\",\"name\":\"Dove posso trovare la lista degli ingredienti dei profumi?\u00a0\",\"answerCount\":1,\"acceptedAnswer\":{\"@type\":\"Answer\",\"text\":\"La lista degli ingredienti, scritta in INCI (International Nomenclature of Cosmetic Ingredients), \u00e8 presente per legge sul packaging di ogni prodotto ed \u00e8 riportato anche nelle singole schede prodotto sul sito de La Spezieria della Seta. La lista degli ingredienti pu\u00f2 subire dei cambiamenti, per questo motivo consigliamo di fare riferimento all\u2019etichetta riportata sul packaging del prodotto per la lista ingredienti pi\u00f9 aggiornata.\u00a0\",\"inLanguage\":\"en-GB\"},\"inLanguage\":\"en-GB\"},{\"@type\":\"Question\",\"@id\":\"https:\\\/\\\/laspezieriadellaseta.it\\\/faq-prodotti\\\/#faq-question-1742480097011\",\"position\":3,\"url\":\"https:\\\/\\\/laspezieriadellaseta.it\\\/faq-prodotti\\\/#faq-question-1742480097011\",\"name\":\"Dove posso trovare la lista delle note olfattive?\u00a0\",\"answerCount\":1,\"acceptedAnswer\":{\"@type\":\"Answer\",\"text\":\"La lista delle note olfattive \u00e8 riportata nelle singole schede prodotto sul sito de La Spezieria della Seta.\u00a0\",\"inLanguage\":\"en-GB\"},\"inLanguage\":\"en-GB\"}]}<\/script>\n<!-- \/ Yoast SEO plugin. -->","yoast_head_json":{"title":"FAQ prodotti \u2013 La Spezieria della Seta","description":"Qui troverai tutte le risposte alle domande sui prodotti de La Spezieria della Seta","robots":{"index":"index","follow":"follow","max-snippet":"max-snippet:-1","max-image-preview":"max-image-preview:large","max-video-preview":"max-video-preview:-1"},"canonical":"https:\/\/laspezieriadellaseta.it\/en\/faq-prodotti\/","og_locale":"en_GB","og_type":"article","og_title":"FAQ prodotti \u2013 La Spezieria della Seta","og_description":"Qui troverai tutte le risposte alle domande sui prodotti de La Spezieria della Seta","og_url":"https:\/\/laspezieriadellaseta.it\/en\/faq-prodotti\/","og_site_name":"La Spezieria della Seta","article_publisher":"https:\/\/www.facebook.com\/profile.php?id=61573979611482","article_modified_time":"2025-03-20T14:19:48+00:00","og_image":[{"width":2560,"height":1200,"url":"https:\/\/laspezieriadellaseta.it\/wp-content\/uploads\/2025\/03\/profumeria-artistica-arte-di-scegliere-fragranze-uniche.jpg","type":"image\/jpeg"}],"twitter_card":"summary_large_image","twitter_misc":{"Estimated reading time":"2 minutes"},"schema":{"@context":"https:\/\/schema.org","@graph":[{"@type":["WebPage","FAQPage"],"@id":"https:\/\/laspezieriadellaseta.it\/faq-prodotti\/","url":"https:\/\/laspezieriadellaseta.it\/faq-prodotti\/","name":"FAQ prodotti \u2013 La Spezieria della Seta","isPartOf":{"@id":"https:\/\/laspezieriadellaseta.it\/#website"},"primaryImageOfPage":{"@id":"https:\/\/laspezieriadellaseta.it\/faq-prodotti\/#primaryimage"},"image":{"@id":"https:\/\/laspezieriadellaseta.it\/faq-prodotti\/#primaryimage"},"thumbnailUrl":"https:\/\/laspezieriadellaseta.it\/wp-content\/uploads\/2025\/03\/profumeria-artistica-arte-di-scegliere-fragranze-uniche.jpg","datePublished":"2025-03-20T14:13:32+00:00","dateModified":"2025-03-20T14:19:48+00:00","description":"Qui troverai tutte le risposte alle domande sui prodotti de La Spezieria della Seta","breadcrumb":{"@id":"https:\/\/laspezieriadellaseta.it\/faq-prodotti\/#breadcrumb"},"mainEntity":[{"@id":"https:\/\/laspezieriadellaseta.it\/faq-prodotti\/#faq-question-1742480053713"},{"@id":"https:\/\/laspezieriadellaseta.it\/faq-prodotti\/#faq-question-1742480078621"},{"@id":"https:\/\/laspezieriadellaseta.it\/faq-prodotti\/#faq-question-1742480097011"}],"inLanguage":"en-GB","potentialAction":[{"@type":"ReadAction","target":["https:\/\/laspezieriadellaseta.it\/faq-prodotti\/"]}]},{"@type":"ImageObject","inLanguage":"en-GB","@id":"https:\/\/laspezieriadellaseta.it\/faq-prodotti\/#primaryimage","url":"https:\/\/laspezieriadellaseta.it\/wp-content\/uploads\/2025\/03\/profumeria-artistica-arte-di-scegliere-fragranze-uniche.jpg","contentUrl":"https:\/\/laspezieriadellaseta.it\/wp-content\/uploads\/2025\/03\/profumeria-artistica-arte-di-scegliere-fragranze-uniche.jpg","width":2560,"height":1200,"caption":"Guida ai profumi artistici"},{"@type":"BreadcrumbList","@id":"https:\/\/laspezieriadellaseta.it\/faq-prodotti\/#breadcrumb","itemListElement":[{"@type":"ListItem","position":1,"name":"Home","item":"https:\/\/laspezieriadellaseta.it\/"},{"@type":"ListItem","position":2,"name":"FAQ Prodotti"}]},{"@type":"WebSite","@id":"https:\/\/laspezieriadellaseta.it\/#website","url":"https:\/\/laspezieriadellaseta.it\/","name":"La Spezieria della Seta - Profumi di nicchia","description":"Profumi di nicchia per persona e ambiente","publisher":{"@id":"https:\/\/laspezieriadellaseta.it\/#organization"},"alternateName":"La Spezieria della Seta - Profumi di nicchia","potentialAction":[{"@type":"SearchAction","target":{"@type":"EntryPoint","urlTemplate":"https:\/\/laspezieriadellaseta.it\/?s={search_term_string}"},"query-input":{"@type":"PropertyValueSpecification","valueRequired":true,"valueName":"search_term_string"}}],"inLanguage":"en-GB"},{"@type":"Organization","@id":"https:\/\/laspezieriadellaseta.it\/#organization","name":"La Spezieria della Seta","url":"https:\/\/laspezieriadellaseta.it\/","logo":{"@type":"ImageObject","inLanguage":"en-GB","@id":"https:\/\/laspezieriadellaseta.it\/#\/schema\/logo\/image\/","url":"https:\/\/laspezieriadellaseta.it\/wp-content\/uploads\/2025\/03\/logo-la-spezieria-della-seta.png","contentUrl":"https:\/\/laspezieriadellaseta.it\/wp-content\/uploads\/2025\/03\/logo-la-spezieria-della-seta.png","width":750,"height":750,"caption":"La Spezieria della Seta"},"image":{"@id":"https:\/\/laspezieriadellaseta.it\/#\/schema\/logo\/image\/"},"sameAs":["https:\/\/www.facebook.com\/profile.php?id=61573979611482","https:\/\/www.instagram.com\/laspezieriadellaseta","https:\/\/www.tiktok.com\/@laspezieriadellaseta"]},{"@type":"Question","@id":"https:\/\/laspezieriadellaseta.it\/faq-prodotti\/#faq-question-1742480053713","position":1,"url":"https:\/\/laspezieriadellaseta.it\/faq-prodotti\/#faq-question-1742480053713","name":"Qual \u00e8 la scadenza dei prodotti una volta aperti?\u00a0","answerCount":1,"acceptedAnswer":{"@type":"Answer","text":"La scadenza (il PAO) \u00e8 espressa con il pittogramma di un vasetto aperto sul quale \u00e8 impresso un numero e la lettera M che sta per mesi. Il PAO (Period After Opening) Indica l\u2019intervallo di tempo entro il quale si consiglia di usare la fragranza, dopo la prima apertura.\u00a0","inLanguage":"en-GB"},"inLanguage":"en-GB"},{"@type":"Question","@id":"https:\/\/laspezieriadellaseta.it\/faq-prodotti\/#faq-question-1742480078621","position":2,"url":"https:\/\/laspezieriadellaseta.it\/faq-prodotti\/#faq-question-1742480078621","name":"Dove posso trovare la lista degli ingredienti dei profumi?\u00a0","answerCount":1,"acceptedAnswer":{"@type":"Answer","text":"La lista degli ingredienti, scritta in INCI (International Nomenclature of Cosmetic Ingredients), \u00e8 presente per legge sul packaging di ogni prodotto ed \u00e8 riportato anche nelle singole schede prodotto sul sito de La Spezieria della Seta. La lista degli ingredienti pu\u00f2 subire dei cambiamenti, per questo motivo consigliamo di fare riferimento all\u2019etichetta riportata sul packaging del prodotto per la lista ingredienti pi\u00f9 aggiornata.\u00a0","inLanguage":"en-GB"},"inLanguage":"en-GB"},{"@type":"Question","@id":"https:\/\/laspezieriadellaseta.it\/faq-prodotti\/#faq-question-1742480097011","position":3,"url":"https:\/\/laspezieriadellaseta.it\/faq-prodotti\/#faq-question-1742480097011","name":"Dove posso trovare la lista delle note olfattive?\u00a0","answerCount":1,"acceptedAnswer":{"@type":"Answer","text":"La lista delle note olfattive \u00e8 riportata nelle singole schede prodotto sul sito de La Spezieria della Seta.\u00a0","inLanguage":"en-GB"},"inLanguage":"en-GB"}]}},"_links":{"self":[{"href":"https:\/\/laspezieriadellaseta.it\/en\/wp-json\/wp\/v2\/pages\/993","targetHints":{"allow":["GET"]}}],"collection":[{"href":"https:\/\/laspezieriadellaseta.it\/en\/wp-json\/wp\/v2\/pages"}],"about":[{"href":"https:\/\/laspezieriadellaseta.it\/en\/wp-json\/wp\/v2\/types\/page"}],"author":[{"embeddable":true,"href":"https:\/\/laspezieriadellaseta.it\/en\/wp-json\/wp\/v2\/users\/1"}],"replies":[{"embeddable":true,"href":"https:\/\/laspezieriadellaseta.it\/en\/wp-json\/wp\/v2\/comments?post=993"}],"version-history":[{"count":2,"href":"https:\/\/laspezieriadellaseta.it\/en\/wp-json\/wp\/v2\/pages\/993\/revisions"}],"predecessor-version":[{"id":997,"href":"https:\/\/laspezieriadellaseta.it\/en\/wp-json\/wp\/v2\/pages\/993\/revisions\/997"}],"wp:featuredmedia":[{"embeddable":true,"href":"https:\/\/laspezieriadellaseta.it\/en\/wp-json\/wp\/v2\/media\/871"}],"wp:attachment":[{"href":"https:\/\/laspezieriadellaseta.it\/en\/wp-json\/wp\/v2\/media?parent=993"}],"curies":[{"name":"wp","href":"https:\/\/api.w.org\/{rel}","templated":true}]}}